{"id":6930,"date":"2022-10-18T16:59:37","date_gmt":"2022-10-18T15:59:37","guid":{"rendered":"https:\/\/lisboa-card.com\/?page_id=6930"},"modified":"2024-04-08T16:33:12","modified_gmt":"2024-04-08T15:33:12","slug":"skupinove-vstupenky","status":"publish","type":"page","link":"https:\/\/lisboa-card.com\/cs\/group-tickets\/","title":{"rendered":"Skupinov\u00e9 vstupenky"},"content":{"rendered":"<div data-elementor-type=\"wp-page\" data-elementor-id=\"6930\" class=\"elementor elementor-6930\">\n\t\t\t\t\t\t<section class=\"elementor-section elementor-top-section elementor-element elementor-element-282d8cb elementor-hidden-desktop elementor-section-boxed elementor-section-height-default elementor-section-height-default\" data-id=\"282d8cb\" data-element_type=\"section\" data-e-type=\"section\">\n\t\t\t\t\t\t<div class=\"elementor-container elementor-column-gap-default\">\n\t\t\t\t\t<div class=\"elementor-column elementor-col-100 elementor-top-column elementor-element elementor-element-47c5a51\" data-id=\"47c5a51\" data-element_type=\"column\" data-e-type=\"column\">\n\t\t\t<div class=\"elementor-widget-wrap elementor-element-populated\">\n\t\t\t\t\t\t<div class=\"elementor-element elementor-element-8f27b3a elementor-widget elementor-widget-spacer\" data-id=\"8f27b3a\" data-element_type=\"widget\" data-e-type=\"widget\" data-widget_type=\"spacer.default\">\n\t\t\t\t<div class=\"elementor-widget-container\">\n\t\t\t\t\t\t\t<div class=\"elementor-spacer\">\n\t\t\t<div class=\"elementor-spacer-inner\"><\/div>\n\t\t<\/div>\n\t\t\t\t\t\t<\/div>\n\t\t\t\t<\/div>\n\t\t\t\t\t<\/div>\n\t\t<\/div>\n\t\t\t\t\t<\/div>\n\t\t<\/section>\n\t\t\t\t<section class=\"elementor-section elementor-top-section elementor-element elementor-element-79e03238 elementor-section-full_width elementor-section-height-default elementor-section-height-default\" data-id=\"79e03238\" data-element_type=\"section\" data-e-type=\"section\" data-settings=\"{&quot;background_background&quot;:&quot;classic&quot;}\">\n\t\t\t\t\t\t<div class=\"elementor-container elementor-column-gap-default\">\n\t\t\t\t\t<div class=\"elementor-column elementor-col-100 elementor-top-column elementor-element elementor-element-75e0ea2f\" data-id=\"75e0ea2f\" data-element_type=\"column\" data-e-type=\"column\">\n\t\t\t<div class=\"elementor-widget-wrap elementor-element-populated\">\n\t\t\t\t\t\t<div class=\"elementor-element elementor-element-3d24ea5c elementor-widget elementor-widget-heading\" data-id=\"3d24ea5c\" data-element_type=\"widget\" data-e-type=\"widget\" data-widget_type=\"heading.default\">\n\t\t\t\t<div class=\"elementor-widget-container\">\n\t\t\t\t\t<h2 class=\"elementor-heading-title elementor-size-default\">Skupinov\u00e9 vstupenky<\/h2>\t\t\t\t<\/div>\n\t\t\t\t<\/div>\n\t\t\t\t\t<\/div>\n\t\t<\/div>\n\t\t\t\t\t<\/div>\n\t\t<\/section>\n\t\t\t\t<section class=\"elementor-section elementor-top-section elementor-element elementor-element-652a140d elementor-section-boxed elementor-section-height-default elementor-section-height-default\" data-id=\"652a140d\" data-element_type=\"section\" data-e-type=\"section\">\n\t\t\t\t\t\t<div class=\"elementor-container elementor-column-gap-default\">\n\t\t\t\t\t<div class=\"elementor-column elementor-col-100 elementor-top-column elementor-element elementor-element-998102a\" data-id=\"998102a\" data-element_type=\"column\" data-e-type=\"column\">\n\t\t\t<div class=\"elementor-widget-wrap elementor-element-populated\">\n\t\t\t\t\t\t<div class=\"elementor-element elementor-element-f2d79ae elementor-hidden-tablet elementor-hidden-mobile elementor-widget elementor-widget-spacer\" data-id=\"f2d79ae\" data-element_type=\"widget\" data-e-type=\"widget\" data-widget_type=\"spacer.default\">\n\t\t\t\t<div class=\"elementor-widget-container\">\n\t\t\t\t\t\t\t<div class=\"elementor-spacer\">\n\t\t\t<div class=\"elementor-spacer-inner\"><\/div>\n\t\t<\/div>\n\t\t\t\t\t\t<\/div>\n\t\t\t\t<\/div>\n\t\t\t\t\t<\/div>\n\t\t<\/div>\n\t\t\t\t\t<\/div>\n\t\t<\/section>\n\t\t\t\t<section class=\"elementor-section elementor-top-section elementor-element elementor-element-44b740a0 elementor-section-boxed elementor-section-height-default elementor-section-height-default\" data-id=\"44b740a0\" data-element_type=\"section\" data-e-type=\"section\">\n\t\t\t\t\t\t<div class=\"elementor-container elementor-column-gap-default\">\n\t\t\t\t\t<div class=\"elementor-column elementor-col-100 elementor-top-column elementor-element elementor-element-141d34f0\" data-id=\"141d34f0\" data-element_type=\"column\" data-e-type=\"column\">\n\t\t\t<div class=\"elementor-widget-wrap elementor-element-populated\">\n\t\t\t\t\t\t<section class=\"elementor-section elementor-inner-section elementor-element elementor-element-772ed9b elementor-section-boxed elementor-section-height-default elementor-section-height-default\" data-id=\"772ed9b\" data-element_type=\"section\" data-e-type=\"section\">\n\t\t\t\t\t\t<div class=\"elementor-container elementor-column-gap-custom\">\n\t\t\t\t\t<div class=\"elementor-column elementor-col-50 elementor-inner-column elementor-element elementor-element-46ceef1\" data-id=\"46ceef1\" data-element_type=\"column\" data-e-type=\"column\">\n\t\t\t<div class=\"elementor-widget-wrap elementor-element-populated\">\n\t\t\t\t\t\t<div class=\"elementor-element elementor-element-56254f1c elementor-widget elementor-widget-text-editor\" data-id=\"56254f1c\" data-element_type=\"widget\" data-e-type=\"widget\" data-widget_type=\"text-editor.default\">\n\t\t\t\t<div class=\"elementor-widget-container\">\n\t\t\t\t\t\t\t\t\t<ul><li>Jste t\u00fdm, \u0161koln\u00ed skupina, na slu\u017eebn\u00ed cest\u011b nebo jin\u00fd typ skupiny?<\/li><li>Pot\u0159ebujete vstupenky na <strong>v\u00edce ne\u017e 15 osob<\/strong>?<\/li><li>Chcete se ujistit, \u017ee si m\u016f\u017eete vyzvednout Lisboa Card <strong>pro celou skupinu na stejn\u00e9m m\u00edst\u011b a ve stejnou dobu.<\/strong>?<\/li><li>Chcete zaru\u010dit, \u017ee z\u00edsk\u00e1te <strong>bezplatn\u00e1 doprava pro celou skupinu<\/strong>?<\/li><\/ul>\t\t\t\t\t\t\t\t<\/div>\n\t\t\t\t<\/div>\n\t\t\t\t\t<\/div>\n\t\t<\/div>\n\t\t\t\t<div class=\"elementor-column elementor-col-50 elementor-inner-column elementor-element elementor-element-3788644\" data-id=\"3788644\" data-element_type=\"column\" data-e-type=\"column\">\n\t\t\t<div class=\"elementor-widget-wrap elementor-element-populated\">\n\t\t\t\t\t\t<div class=\"elementor-element elementor-element-ade8e97 elementor-align-center elementor-widget elementor-widget-button\" data-id=\"ade8e97\" data-element_type=\"widget\" data-e-type=\"widget\" data-widget_type=\"button.default\">\n\t\t\t\t<div class=\"elementor-widget-container\">\n\t\t\t\t\t\t\t\t\t<div class=\"elementor-button-wrapper\">\n\t\t\t\t\t<a class=\"elementor-button elementor-button-link elementor-size-xs\" href=\"https:\/\/groupsightseeing.com\/en\/lisbon\/Lisbon-card?p=lisboagroup\" target=\"_blank\">\n\t\t\t\t\t\t<span class=\"elementor-button-content-wrapper\">\n\t\t\t\t\t\t<span class=\"elementor-button-icon\">\n\t\t\t\t<i aria-hidden=\"true\" class=\"fas fa-shopping-cart\"><\/i>\t\t\t<\/span>\n\t\t\t\t\t\t\t\t\t<span class=\"elementor-button-text\">Podejte si zde skupinovou \u017e\u00e1dost!<\/span>\n\t\t\t\t\t<\/span>\n\t\t\t\t\t<\/a>\n\t\t\t\t<\/div>\n\t\t\t\t\t\t\t\t<\/div>\n\t\t\t\t<\/div>\n\t\t\t\t\t<\/div>\n\t\t<\/div>\n\t\t\t\t\t<\/div>\n\t\t<\/section>\n\t\t\t\t\t<\/div>\n\t\t<\/div>\n\t\t\t\t\t<\/div>\n\t\t<\/section>\n\t\t\t\t<section class=\"elementor-section elementor-top-section elementor-element elementor-element-5d551de3 elementor-section-boxed elementor-section-height-default elementor-section-height-default\" data-id=\"5d551de3\" data-element_type=\"section\" data-e-type=\"section\">\n\t\t\t\t\t\t<div class=\"elementor-container elementor-column-gap-default\">\n\t\t\t\t\t<div class=\"elementor-column elementor-col-100 elementor-top-column elementor-element elementor-element-5854cf28\" data-id=\"5854cf28\" data-element_type=\"column\" data-e-type=\"column\">\n\t\t\t<div class=\"elementor-widget-wrap elementor-element-populated\">\n\t\t\t\t\t\t<div class=\"elementor-element elementor-element-65dbc63 elementor-widget elementor-widget-image\" data-id=\"65dbc63\" data-element_type=\"widget\" data-e-type=\"widget\" data-widget_type=\"image.default\">\n\t\t\t\t<div class=\"elementor-widget-container\">\n\t\t\t\t\t\t\t\t\t\t\t\t\t\t\t<img fetchpriority=\"high\" decoding=\"async\" width=\"750\" height=\"486\" src=\"https:\/\/lisboa-card.com\/wp-content\/uploads\/2020\/01\/LxCard_frente_sombra-768x498.png\" class=\"attachment-medium_large size-medium_large wp-image-4321\" alt=\"Lisboa Card\" srcset=\"https:\/\/lisboa-card.com\/wp-content\/uploads\/2020\/01\/LxCard_frente_sombra-768x498.png 768w, https:\/\/lisboa-card.com\/wp-content\/uploads\/2020\/01\/LxCard_frente_sombra-600x389.png 600w, https:\/\/lisboa-card.com\/wp-content\/uploads\/2020\/01\/LxCard_frente_sombra-300x195.png 300w, https:\/\/lisboa-card.com\/wp-content\/uploads\/2020\/01\/LxCard_frente_sombra-1024x664.png 1024w, https:\/\/lisboa-card.com\/wp-content\/uploads\/2020\/01\/LxCard_frente_sombra.png 1065w\" sizes=\"(max-width: 750px) 100vw, 750px\" \/>\t\t\t\t\t\t\t\t\t\t\t\t\t\t\t<\/div>\n\t\t\t\t<\/div>\n\t\t\t\t<div class=\"elementor-element elementor-element-52ba3b6 elementor-widget elementor-widget-spacer\" data-id=\"52ba3b6\" data-element_type=\"widget\" data-e-type=\"widget\" data-widget_type=\"spacer.default\">\n\t\t\t\t<div class=\"elementor-widget-container\">\n\t\t\t\t\t\t\t<div class=\"elementor-spacer\">\n\t\t\t<div class=\"elementor-spacer-inner\"><\/div>\n\t\t<\/div>\n\t\t\t\t\t\t<\/div>\n\t\t\t\t<\/div>\n\t\t\t\t\t<\/div>\n\t\t<\/div>\n\t\t\t\t\t<\/div>\n\t\t<\/section>\n\t\t\t\t<\/div>","protected":false},"excerpt":{"rendered":"<p>Group Tickets Are you a team, school group, on a business trip, or any other type of group? Need tickets for more than 15 people? Want to make sure you can pick up Lisboa Card for the whole group on the same place at the same time? Want to guarantee [&hellip;]<\/p>\n","protected":false},"author":1,"featured_media":0,"parent":0,"menu_order":0,"comment_status":"closed","ping_status":"closed","template":"page-templates\/template-pagebuilder-full-width.php","meta":{"footnotes":""},"class_list":["post-6930","page","type-page","status-publish","hentry"],"yoast_head":"<!-- This site is optimized with the Yoast SEO plugin v27.5 - https:\/\/yoast.com\/product\/yoast-seo-wordpress\/ -->\n<title>Group Tickets - Lisboa Card<\/title>\n<meta name=\"description\" content=\"Are you a team, school group, or on a business trip and need Lisboa Card for everyone? Then get your group tickets here!\" \/>\n<meta name=\"robots\" content=\"index, follow, max-snippet:-1, max-image-preview:large, max-video-preview:-1\" \/>\n<link rel=\"canonical\" href=\"https:\/\/lisboa-card.com\/cs\/skupinove-vstupenky\/\" \/>\n<meta property=\"og:locale\" content=\"cs_CZ\" \/>\n<meta property=\"og:type\" content=\"article\" \/>\n<meta property=\"og:title\" content=\"Group Tickets - Lisboa Card\" \/>\n<meta property=\"og:description\" content=\"Are you a team, school group, or on a business trip and need Lisboa Card for everyone? Then get your group tickets here!\" \/>\n<meta property=\"og:url\" content=\"https:\/\/lisboa-card.com\/cs\/skupinove-vstupenky\/\" \/>\n<meta property=\"og:site_name\" content=\"LISBOA CARD\" \/>\n<meta property=\"article:modified_time\" content=\"2024-04-08T15:33:12+00:00\" \/>\n<meta property=\"og:image\" content=\"https:\/\/lisboa-card.com\/wp-content\/uploads\/2020\/01\/LxCard_frente_sombra-768x498.png\" \/>\n<meta name=\"twitter:card\" content=\"summary_large_image\" \/>\n<meta name=\"twitter:label1\" content=\"Odhadovan\u00e1 doba \u010dten\u00ed\" \/>\n\t<meta name=\"twitter:data1\" content=\"1 minuta\" \/>\n<script type=\"application\/ld+json\" class=\"yoast-schema-graph\">{\"@context\":\"https:\\\/\\\/schema.org\",\"@graph\":[{\"@type\":\"WebPage\",\"@id\":\"https:\\\/\\\/lisboa-card.com\\\/group-tickets\\\/\",\"url\":\"https:\\\/\\\/lisboa-card.com\\\/group-tickets\\\/\",\"name\":\"Group Tickets - Lisboa Card\",\"isPartOf\":{\"@id\":\"https:\\\/\\\/lisboa-card.com\\\/#website\"},\"primaryImageOfPage\":{\"@id\":\"https:\\\/\\\/lisboa-card.com\\\/group-tickets\\\/#primaryimage\"},\"image\":{\"@id\":\"https:\\\/\\\/lisboa-card.com\\\/group-tickets\\\/#primaryimage\"},\"thumbnailUrl\":\"https:\\\/\\\/lisboa-card.com\\\/wp-content\\\/uploads\\\/2020\\\/01\\\/LxCard_frente_sombra-768x498.png\",\"datePublished\":\"2022-10-18T15:59:37+00:00\",\"dateModified\":\"2024-04-08T15:33:12+00:00\",\"description\":\"Are you a team, school group, or on a business trip and need Lisboa Card for everyone? Then get your group tickets here!\",\"breadcrumb\":{\"@id\":\"https:\\\/\\\/lisboa-card.com\\\/group-tickets\\\/#breadcrumb\"},\"inLanguage\":\"cs\",\"potentialAction\":[{\"@type\":\"ReadAction\",\"target\":[\"https:\\\/\\\/lisboa-card.com\\\/group-tickets\\\/\"]}]},{\"@type\":\"ImageObject\",\"inLanguage\":\"cs\",\"@id\":\"https:\\\/\\\/lisboa-card.com\\\/group-tickets\\\/#primaryimage\",\"url\":\"https:\\\/\\\/lisboa-card.com\\\/wp-content\\\/uploads\\\/2020\\\/01\\\/LxCard_frente_sombra-768x498.png\",\"contentUrl\":\"https:\\\/\\\/lisboa-card.com\\\/wp-content\\\/uploads\\\/2020\\\/01\\\/LxCard_frente_sombra-768x498.png\"},{\"@type\":\"BreadcrumbList\",\"@id\":\"https:\\\/\\\/lisboa-card.com\\\/group-tickets\\\/#breadcrumb\",\"itemListElement\":[{\"@type\":\"ListItem\",\"position\":1,\"name\":\"Home\",\"item\":\"https:\\\/\\\/lisboa-card.com\\\/\"},{\"@type\":\"ListItem\",\"position\":2,\"name\":\"Group Tickets\"}]},{\"@type\":\"WebSite\",\"@id\":\"https:\\\/\\\/lisboa-card.com\\\/#website\",\"url\":\"https:\\\/\\\/lisboa-card.com\\\/\",\"name\":\"LISBOA CARD\",\"description\":\"\",\"publisher\":{\"@id\":\"https:\\\/\\\/lisboa-card.com\\\/#organization\"},\"potentialAction\":[{\"@type\":\"SearchAction\",\"target\":{\"@type\":\"EntryPoint\",\"urlTemplate\":\"https:\\\/\\\/lisboa-card.com\\\/?s={search_term_string}\"},\"query-input\":{\"@type\":\"PropertyValueSpecification\",\"valueRequired\":true,\"valueName\":\"search_term_string\"}}],\"inLanguage\":\"cs\"},{\"@type\":\"Organization\",\"@id\":\"https:\\\/\\\/lisboa-card.com\\\/#organization\",\"name\":\"Lisboa Card Tickets\",\"url\":\"https:\\\/\\\/lisboa-card.com\\\/\",\"logo\":{\"@type\":\"ImageObject\",\"inLanguage\":\"cs\",\"@id\":\"https:\\\/\\\/lisboa-card.com\\\/#\\\/schema\\\/logo\\\/image\\\/\",\"url\":\"https:\\\/\\\/lisboa-card.com\\\/wp-content\\\/uploads\\\/2020\\\/01\\\/LxCard_frente_sombra.png\",\"contentUrl\":\"https:\\\/\\\/lisboa-card.com\\\/wp-content\\\/uploads\\\/2020\\\/01\\\/LxCard_frente_sombra.png\",\"width\":1065,\"height\":691,\"caption\":\"Lisboa Card Tickets\"},\"image\":{\"@id\":\"https:\\\/\\\/lisboa-card.com\\\/#\\\/schema\\\/logo\\\/image\\\/\"}}]}<\/script>\n<!-- \/ Yoast SEO plugin. -->","yoast_head_json":{"title":"Skupinov\u00e9 vstupenky - Lisboa Card","description":"Jste t\u00fdm, \u0161koln\u00ed skupina nebo jste na slu\u017eebn\u00ed cest\u011b a pot\u0159ebujete Lisboa Card pro v\u0161echny? Pak si zde po\u0159i\u010fte skupinov\u00e9 vstupenky!","robots":{"index":"index","follow":"follow","max-snippet":"max-snippet:-1","max-image-preview":"max-image-preview:large","max-video-preview":"max-video-preview:-1"},"canonical":"https:\/\/lisboa-card.com\/cs\/skupinove-vstupenky\/","og_locale":"cs_CZ","og_type":"article","og_title":"Group Tickets - Lisboa Card","og_description":"Are you a team, school group, or on a business trip and need Lisboa Card for everyone? Then get your group tickets here!","og_url":"https:\/\/lisboa-card.com\/cs\/skupinove-vstupenky\/","og_site_name":"LISBOA CARD","article_modified_time":"2024-04-08T15:33:12+00:00","og_image":[{"url":"https:\/\/lisboa-card.com\/wp-content\/uploads\/2020\/01\/LxCard_frente_sombra-768x498.png","type":"","width":"","height":""}],"twitter_card":"summary_large_image","twitter_misc":{"Odhadovan\u00e1 doba \u010dten\u00ed":"1 minuta"},"schema":{"@context":"https:\/\/schema.org","@graph":[{"@type":"WebPage","@id":"https:\/\/lisboa-card.com\/group-tickets\/","url":"https:\/\/lisboa-card.com\/group-tickets\/","name":"Skupinov\u00e9 vstupenky - Lisboa Card","isPartOf":{"@id":"https:\/\/lisboa-card.com\/#website"},"primaryImageOfPage":{"@id":"https:\/\/lisboa-card.com\/group-tickets\/#primaryimage"},"image":{"@id":"https:\/\/lisboa-card.com\/group-tickets\/#primaryimage"},"thumbnailUrl":"https:\/\/lisboa-card.com\/wp-content\/uploads\/2020\/01\/LxCard_frente_sombra-768x498.png","datePublished":"2022-10-18T15:59:37+00:00","dateModified":"2024-04-08T15:33:12+00:00","description":"Jste t\u00fdm, \u0161koln\u00ed skupina nebo jste na slu\u017eebn\u00ed cest\u011b a pot\u0159ebujete Lisboa Card pro v\u0161echny? Pak si zde po\u0159i\u010fte skupinov\u00e9 vstupenky!","breadcrumb":{"@id":"https:\/\/lisboa-card.com\/group-tickets\/#breadcrumb"},"inLanguage":"cs","potentialAction":[{"@type":"ReadAction","target":["https:\/\/lisboa-card.com\/group-tickets\/"]}]},{"@type":"ImageObject","inLanguage":"cs","@id":"https:\/\/lisboa-card.com\/group-tickets\/#primaryimage","url":"https:\/\/lisboa-card.com\/wp-content\/uploads\/2020\/01\/LxCard_frente_sombra-768x498.png","contentUrl":"https:\/\/lisboa-card.com\/wp-content\/uploads\/2020\/01\/LxCard_frente_sombra-768x498.png"},{"@type":"BreadcrumbList","@id":"https:\/\/lisboa-card.com\/group-tickets\/#breadcrumb","itemListElement":[{"@type":"ListItem","position":1,"name":"Home","item":"https:\/\/lisboa-card.com\/"},{"@type":"ListItem","position":2,"name":"Group Tickets"}]},{"@type":"WebSite","@id":"https:\/\/lisboa-card.com\/#website","url":"https:\/\/lisboa-card.com\/","name":"LISBOA CARD","description":"","publisher":{"@id":"https:\/\/lisboa-card.com\/#organization"},"potentialAction":[{"@type":"SearchAction","target":{"@type":"EntryPoint","urlTemplate":"https:\/\/lisboa-card.com\/?s={search_term_string}"},"query-input":{"@type":"PropertyValueSpecification","valueRequired":true,"valueName":"search_term_string"}}],"inLanguage":"cs"},{"@type":"Organization","@id":"https:\/\/lisboa-card.com\/#organization","name":"Lisboa Card Vstupenky","url":"https:\/\/lisboa-card.com\/","logo":{"@type":"ImageObject","inLanguage":"cs","@id":"https:\/\/lisboa-card.com\/#\/schema\/logo\/image\/","url":"https:\/\/lisboa-card.com\/wp-content\/uploads\/2020\/01\/LxCard_frente_sombra.png","contentUrl":"https:\/\/lisboa-card.com\/wp-content\/uploads\/2020\/01\/LxCard_frente_sombra.png","width":1065,"height":691,"caption":"Lisboa Card Tickets"},"image":{"@id":"https:\/\/lisboa-card.com\/#\/schema\/logo\/image\/"}}]}},"_links":{"self":[{"href":"https:\/\/lisboa-card.com\/cs\/wp-json\/wp\/v2\/pages\/6930","targetHints":{"allow":["GET"]}}],"collection":[{"href":"https:\/\/lisboa-card.com\/cs\/wp-json\/wp\/v2\/pages"}],"about":[{"href":"https:\/\/lisboa-card.com\/cs\/wp-json\/wp\/v2\/types\/page"}],"author":[{"embeddable":true,"href":"https:\/\/lisboa-card.com\/cs\/wp-json\/wp\/v2\/users\/1"}],"replies":[{"embeddable":true,"href":"https:\/\/lisboa-card.com\/cs\/wp-json\/wp\/v2\/comments?post=6930"}],"version-history":[{"count":0,"href":"https:\/\/lisboa-card.com\/cs\/wp-json\/wp\/v2\/pages\/6930\/revisions"}],"wp:attachment":[{"href":"https:\/\/lisboa-card.com\/cs\/wp-json\/wp\/v2\/media?parent=6930"}],"curies":[{"name":"wp","href":"https:\/\/api.w.org\/{rel}","templated":true}]}}